{"id":365,"date":"2021-07-26T04:07:01","date_gmt":"2021-07-26T02:07:01","guid":{"rendered":"http:\/\/lynelle.fr\/?product=eterna-long-dress-black"},"modified":"2025-12-17T20:17:24","modified_gmt":"2025-12-17T19:17:24","slug":"collants-resilles-professionnels-chair","status":"publish","type":"product","link":"https:\/\/lynelle.fr\/en\/product\/collants-resilles-professionnels-chair\/","title":{"rendered":"Collants r\u00e9silles professionnels chair &#8211; TAN &#8211; \u00c9l\u00e9gants | Lynelle"},"content":{"rendered":"<p data-start=\"163\" data-end=\"448\"><strong data-start=\"163\" data-end=\"223\">Les collants r\u00e9silles professionnels chair Tan Lynelle<\/strong> sont con\u00e7us pour r\u00e9pondre aux exigences de la danse professionnelle comme du port quotidien. Leur couleur\u00a0 subtile offre un effet naturel sur la jambe, tout en apportant une touche \u00e9l\u00e9gante et raffin\u00e9e \u00e0 la silhouette.<\/p>\n<p data-start=\"450\" data-end=\"801\">Fabriqu\u00e9s \u00e0 partir de fibres r\u00e9sistantes et extensibles de qualit\u00e9 sup\u00e9rieure, ces collants de danse professionnels sont <strong data-start=\"571\" data-end=\"591\">sans d\u00e9marcation<\/strong>, assurant une ligne nette et harmonieuse sous les costumes, robes ou tenues de sc\u00e8ne. Leur conception haut de gamme garantit un excellent maintien tout au long de la journ\u00e9e ou lors de performances intensives.<\/p>\n<p data-start=\"803\" data-end=\"1105\">Les <strong data-start=\"807\" data-end=\"826\">pieds renforc\u00e9s<\/strong>, exclusivit\u00e9 Lynelle, assurent une durabilit\u00e9 exceptionnelle : ils ne se trouent pas facilement, m\u00eame en usage intensif. Ces collants r\u00e9silles professionnels affinent la silhouette, allongent visuellement la jambe et offrent un rendu \u00e9l\u00e9gant, id\u00e9al pour sublimer les mouvements.<\/p>\n<p data-start=\"1107\" data-end=\"1405\">Parfaits pour la <strong data-start=\"1124\" data-end=\"1186\">danse cabaret, burlesque, tango, danse classique ou latine<\/strong>, ces collants couleur chair clear s\u2019adaptent aussi bien aux entra\u00eenements qu\u2019aux repr\u00e9sentations sc\u00e9niques. Ils conviennent \u00e9galement \u00e0 un usage quotidien, gr\u00e2ce \u00e0 leur confort longue dur\u00e9e et leur esth\u00e9tique discr\u00e8te.<\/p>\n<p data-start=\"1407\" data-end=\"1680\">Disponibles en <strong data-start=\"1422\" data-end=\"1451\">trois tailles (S, M et L)<\/strong>, ces collants r\u00e9silles professionnels conviennent aussi bien aux silhouettes \u00e9lanc\u00e9es qu\u2019aux morphologies plus g\u00e9n\u00e9reuses. Leur coupe \u00e9tudi\u00e9e \u00e9pouse le corps avec \u00e9l\u00e9gance, pour une tenue impeccable et une sensation de l\u00e9g\u00e8ret\u00e9.<\/p>\n<p data-start=\"1682\" data-end=\"1886\">Les collants r\u00e9silles professionnels chair Tan Lynelle font partie de nos <strong data-start=\"1758\" data-end=\"1779\">meilleures ventes<\/strong>, appr\u00e9ci\u00e9s pour leur qualit\u00e9 professionnelle, leur r\u00e9sistance sup\u00e9rieure et leur rendu esth\u00e9tique naturel.<\/p>","protected":false},"excerpt":{"rendered":"<p><strong data-start=\"1929\" data-end=\"1986\">Collants r\u00e9silles professionnels chair Tan Lynelle.<\/strong><br data-start=\"1986\" data-end=\"1989\" \/>Sans d\u00e9marcation, pieds renforc\u00e9s exclusifs, r\u00e9sistants et \u00e9l\u00e9gants.<br data-start=\"2057\" data-end=\"2060\" \/>Id\u00e9als pour la danse et le quotidien. Disponibles en tailles <strong data-start=\"2121\" data-end=\"2134\">S, M et L<\/strong>.<\/p>","protected":false},"featured_media":1345,"comment_status":"closed","ping_status":"closed","template":"","meta":{"_kadence_starter_templates_imported_post":false,"_kad_post_transparent":"default","_kad_post_title":"","_kad_post_layout":"default","_kad_post_sidebar_id":"","_kad_post_content_style":"default","_kad_post_vertical_padding":"default","_kad_post_feature":"","_kad_post_feature_position":"","_kad_post_header":false,"_kad_post_footer":false,"_kad_post_classname":""},"product_brand":[],"product_cat":[46],"product_tag":[],"class_list":{"0":"post-365","1":"product","2":"type-product","3":"status-publish","4":"has-post-thumbnail","6":"product_cat-collants-professionnels","8":"first","9":"instock","10":"taxable","11":"shipping-taxable","12":"purchasable","13":"product-type-variable","14":"entry","15":"content-bg","16":"loop-entry"},"jetpack_sharing_enabled":true,"_links":{"self":[{"href":"https:\/\/lynelle.fr\/en\/wp-json\/wp\/v2\/product\/365","targetHints":{"allow":["GET"]}}],"collection":[{"href":"https:\/\/lynelle.fr\/en\/wp-json\/wp\/v2\/product"}],"about":[{"href":"https:\/\/lynelle.fr\/en\/wp-json\/wp\/v2\/types\/product"}],"replies":[{"embeddable":true,"href":"https:\/\/lynelle.fr\/en\/wp-json\/wp\/v2\/comments?post=365"}],"wp:featuredmedia":[{"embeddable":true,"href":"https:\/\/lynelle.fr\/en\/wp-json\/wp\/v2\/media\/1345"}],"wp:attachment":[{"href":"https:\/\/lynelle.fr\/en\/wp-json\/wp\/v2\/media?parent=365"}],"wp:term":[{"taxonomy":"product_brand","embeddable":true,"href":"https:\/\/lynelle.fr\/en\/wp-json\/wp\/v2\/product_brand?post=365"},{"taxonomy":"product_cat","embeddable":true,"href":"https:\/\/lynelle.fr\/en\/wp-json\/wp\/v2\/product_cat?post=365"},{"taxonomy":"product_tag","embeddable":true,"href":"https:\/\/lynelle.fr\/en\/wp-json\/wp\/v2\/product_tag?post=365"}],"curies":[{"name":"wp","href":"https:\/\/api.w.org\/{rel}","templated":true}]}}