{"id":2539,"date":"2025-12-09T13:28:29","date_gmt":"2025-12-09T12:28:29","guid":{"rendered":"https:\/\/lynelle.fr\/?post_type=product&#038;p=2539"},"modified":"2025-12-17T19:28:56","modified_gmt":"2025-12-17T18:28:56","slug":"collants-resilles-professionnels-strass-tan-chair","status":"publish","type":"product","link":"https:\/\/lynelle.fr\/en\/product\/collants-resilles-professionnels-strass-tan-chair\/","title":{"rendered":"Collants r\u00e9silles professionnels Strass chair \u2013 Tan \u2013 \u00c9l\u00e9gants | Lynelle"},"content":{"rendered":"<p data-start=\"2296\" data-end=\"2553\">Les collants r\u00e9silles professionnels Strass TAN chair Lynelle sont con\u00e7us pour sublimer la jambe avec \u00e9l\u00e9gance et pr\u00e9cision. Leur teinte chair (TAN) se fond naturellement \u00e0 la peau, cr\u00e9ant un effet seconde peau raffin\u00e9, id\u00e9al sur sc\u00e8ne comme au quotidien.<\/p>\n<p data-start=\"2560\" data-end=\"2820\">Les strass d\u00e9licatement positionn\u00e9s \u00e0 l\u2019arri\u00e8re de la jambe apportent une touche lumineuse et sophistiqu\u00e9e, sans exc\u00e8s, mettant en valeur la silhouette et la ligne de jambe. La couture arri\u00e8re affine visuellement la jambe et accentue l\u2019\u00e9l\u00e9gance du mouvement.<\/p>\n<p data-start=\"2827\" data-end=\"3058\">Fabriqu\u00e9s \u00e0 partir de fibres r\u00e9sistantes et extensibles, ces collants r\u00e9silles professionnels offrent un excellent maintien et une grande durabilit\u00e9. Les pieds renforc\u00e9s garantissent une r\u00e9sistance accrue, m\u00eame en usage intensif.<\/p>\n<p data-start=\"3065\" data-end=\"3332\">Adapt\u00e9s \u00e0 la danse cabaret, burlesque, classique, tango ou latine, ces collants conviennent \u00e9galement \u00e0 toutes celles et ceux qui recherchent un collant esth\u00e9tique, confortable et fiable. Disponibles en tailles <strong data-start=\"3276\" data-end=\"3289\">S, M et L<\/strong>, ils s\u2019adaptent \u00e0 toutes les morphologies.<\/p>\n<p data-start=\"2611\" data-end=\"2642\">Ces collants sont id\u00e9aux pour :<\/p>\n<ul data-start=\"2847\" data-end=\"3064\">\n<li data-start=\"2643\" data-end=\"2684\">\n<p data-start=\"2645\" data-end=\"2684\">la danse classique, moderne ou latine<\/p>\n<\/li>\n<li data-start=\"2685\" data-end=\"2725\">\n<p data-start=\"2687\" data-end=\"2725\">le cabaret, le burlesque et le tango<\/p>\n<\/li>\n<li data-start=\"2726\" data-end=\"2780\">\n<p data-start=\"2728\" data-end=\"2780\">les spectacles, sc\u00e8nes et performances artistiques<\/p>\n<\/li>\n<li data-start=\"2781\" data-end=\"2823\">\n<p data-start=\"2783\" data-end=\"2823\">un usage professionnel ou \u00e9v\u00e9nementiel<\/p>\n<\/li>\n<\/ul>","protected":false},"excerpt":{"rendered":"<p>Collants r\u00e9silles professionnels couleur chair (TAN) orn\u00e9s de strass \u00e0 l\u2019arri\u00e8re de la jambe. \u00c9l\u00e9gants, r\u00e9sistants et confortables. Tailles S, M et L.<\/p>","protected":false},"featured_media":2548,"comment_status":"open","ping_status":"closed","template":"","meta":{"_kadence_starter_templates_imported_post":false,"_kad_post_transparent":"default","_kad_post_title":"","_kad_post_layout":"default","_kad_post_sidebar_id":"","_kad_post_content_style":"default","_kad_post_vertical_padding":"default","_kad_post_feature":"","_kad_post_feature_position":"","_kad_post_header":false,"_kad_post_footer":false,"_kad_post_classname":""},"product_brand":[],"product_cat":[46],"product_tag":[],"class_list":{"0":"post-2539","1":"product","2":"type-product","3":"status-publish","4":"has-post-thumbnail","6":"product_cat-collants-professionnels","8":"first","9":"instock","10":"taxable","11":"shipping-taxable","12":"purchasable","13":"product-type-variable","14":"entry","15":"content-bg","16":"loop-entry"},"jetpack_sharing_enabled":true,"_links":{"self":[{"href":"https:\/\/lynelle.fr\/en\/wp-json\/wp\/v2\/product\/2539","targetHints":{"allow":["GET"]}}],"collection":[{"href":"https:\/\/lynelle.fr\/en\/wp-json\/wp\/v2\/product"}],"about":[{"href":"https:\/\/lynelle.fr\/en\/wp-json\/wp\/v2\/types\/product"}],"replies":[{"embeddable":true,"href":"https:\/\/lynelle.fr\/en\/wp-json\/wp\/v2\/comments?post=2539"}],"wp:featuredmedia":[{"embeddable":true,"href":"https:\/\/lynelle.fr\/en\/wp-json\/wp\/v2\/media\/2548"}],"wp:attachment":[{"href":"https:\/\/lynelle.fr\/en\/wp-json\/wp\/v2\/media?parent=2539"}],"wp:term":[{"taxonomy":"product_brand","embeddable":true,"href":"https:\/\/lynelle.fr\/en\/wp-json\/wp\/v2\/product_brand?post=2539"},{"taxonomy":"product_cat","embeddable":true,"href":"https:\/\/lynelle.fr\/en\/wp-json\/wp\/v2\/product_cat?post=2539"},{"taxonomy":"product_tag","embeddable":true,"href":"https:\/\/lynelle.fr\/en\/wp-json\/wp\/v2\/product_tag?post=2539"}],"curies":[{"name":"wp","href":"https:\/\/api.w.org\/{rel}","templated":true}]}}