{"id":2486,"date":"2025-05-02T10:43:54","date_gmt":"2025-05-02T08:43:54","guid":{"rendered":"https:\/\/lynelle.fr\/?post_type=product&#038;p=2486"},"modified":"2025-12-17T19:25:31","modified_gmt":"2025-12-17T18:25:31","slug":"collants-resilles-professionnels-clear-clair","status":"publish","type":"product","link":"https:\/\/lynelle.fr\/en\/product\/collants-resilles-professionnels-clear-clair\/","title":{"rendered":"Collants r\u00e9silles professionnels Clear clair \u2013 \u00c9l\u00e9gants | Lynelle"},"content":{"rendered":"<p data-start=\"1205\" data-end=\"1454\"><strong data-start=\"1205\" data-end=\"1265\">Les collants r\u00e9silles professionnels Clear clair Lynelle<\/strong> incarnent l\u2019\u00e9l\u00e9gance minimaliste et la performance professionnelle. Cette nouvelle teinte plus claire offre un rendu naturel et lumineux, id\u00e9al pour sublimer la silhouette avec discr\u00e9tion.<\/p>\n<p data-start=\"1456\" data-end=\"1739\">Pens\u00e9s pour la danse et la sc\u00e8ne, ces <strong data-start=\"1494\" data-end=\"1547\">collants de danse professionnels sans d\u00e9marcation<\/strong> assurent un tomb\u00e9 impeccable et un confort optimal, sans rupture visuelle. Leur effet seconde peau affine la jambe et allonge la silhouette, pour des <strong data-start=\"1698\" data-end=\"1716\">jambes de r\u00eave<\/strong> en toute circonstance.<\/p>\n<p data-start=\"1741\" data-end=\"1961\">Con\u00e7us \u00e0 partir de fibres r\u00e9sistantes de qualit\u00e9 sup\u00e9rieure, ils sont dot\u00e9s de <strong data-start=\"1820\" data-end=\"1849\">pieds renforc\u00e9s exclusifs<\/strong>, garantissant une excellente durabilit\u00e9. Des collants qui ne se trouent pas facilement, m\u00eame en usage intensif.<\/p>\n<p data-start=\"1963\" data-end=\"2241\">Polyvalents et \u00e9l\u00e9gants, ces collants r\u00e9silles couleur Clear clair conviennent aussi bien \u00e0 la <strong data-start=\"2058\" data-end=\"2114\">danse cabaret, burlesque, tango, classique ou latine<\/strong>, qu\u2019\u00e0 un port quotidien. Leur coupe \u00e9tudi\u00e9e s\u2019adapte \u00e0 toutes les morphologies, <strong data-start=\"2195\" data-end=\"2215\">grande ou petite<\/strong>, avec une tenue parfaite.<\/p>\n<p data-start=\"2243\" data-end=\"2443\">Disponibles en <strong data-start=\"2258\" data-end=\"2279\">tailles S, M et L<\/strong>, ils offrent maintien, esth\u00e9tisme et confort longue dur\u00e9e, pour les artistes comme pour celles et ceux qui recherchent un collant professionnel, raffin\u00e9 et fiable.<\/p>","protected":false},"excerpt":{"rendered":"<p>Les collants r\u00e9silles professionnels Clear clair Lynelle incarnent l\u2019\u00e9l\u00e9gance minimaliste et la performance professionnelle. Cette nouvelle teinte plus claire offre un rendu naturel et lumineux, id\u00e9al pour sublimer la silhouette avec discr\u00e9tion. Pens\u00e9s pour la danse et la sc\u00e8ne, ces collants de danse professionnels sans d\u00e9marcation assurent un tomb\u00e9 impeccable et un confort optimal, sans&#8230;<\/p>","protected":false},"featured_media":2488,"comment_status":"open","ping_status":"closed","template":"","meta":{"_kadence_starter_templates_imported_post":false,"_kad_post_transparent":"default","_kad_post_title":"","_kad_post_layout":"default","_kad_post_sidebar_id":"","_kad_post_content_style":"default","_kad_post_vertical_padding":"default","_kad_post_feature":"","_kad_post_feature_position":"","_kad_post_header":false,"_kad_post_footer":false,"_kad_post_classname":""},"product_brand":[],"product_cat":[46],"product_tag":[],"class_list":{"0":"post-2486","1":"product","2":"type-product","3":"status-publish","4":"has-post-thumbnail","6":"product_cat-collants-professionnels","8":"first","9":"instock","10":"taxable","11":"shipping-taxable","12":"purchasable","13":"product-type-variable","14":"entry","15":"content-bg","16":"loop-entry"},"jetpack_sharing_enabled":true,"_links":{"self":[{"href":"https:\/\/lynelle.fr\/en\/wp-json\/wp\/v2\/product\/2486","targetHints":{"allow":["GET"]}}],"collection":[{"href":"https:\/\/lynelle.fr\/en\/wp-json\/wp\/v2\/product"}],"about":[{"href":"https:\/\/lynelle.fr\/en\/wp-json\/wp\/v2\/types\/product"}],"replies":[{"embeddable":true,"href":"https:\/\/lynelle.fr\/en\/wp-json\/wp\/v2\/comments?post=2486"}],"wp:featuredmedia":[{"embeddable":true,"href":"https:\/\/lynelle.fr\/en\/wp-json\/wp\/v2\/media\/2488"}],"wp:attachment":[{"href":"https:\/\/lynelle.fr\/en\/wp-json\/wp\/v2\/media?parent=2486"}],"wp:term":[{"taxonomy":"product_brand","embeddable":true,"href":"https:\/\/lynelle.fr\/en\/wp-json\/wp\/v2\/product_brand?post=2486"},{"taxonomy":"product_cat","embeddable":true,"href":"https:\/\/lynelle.fr\/en\/wp-json\/wp\/v2\/product_cat?post=2486"},{"taxonomy":"product_tag","embeddable":true,"href":"https:\/\/lynelle.fr\/en\/wp-json\/wp\/v2\/product_tag?post=2486"}],"curies":[{"name":"wp","href":"https:\/\/api.w.org\/{rel}","templated":true}]}}