{"id":1256,"date":"2022-05-20T22:42:47","date_gmt":"2022-05-20T20:42:47","guid":{"rendered":"https:\/\/lynelle.fr\/?page_id=1256"},"modified":"2024-09-24T17:19:52","modified_gmt":"2024-09-24T15:19:52","slug":"accueil","status":"publish","type":"page","link":"https:\/\/lynelle.fr\/en\/","title":{"rendered":"\u00c9l\u00e9gance et R\u00e9sistance"},"content":{"rendered":"<style>.wp-block-kadence-advancedgallery.kb-gallery-wrap-id-1256_de8b76-b6{margin-top:0px;padding-top:0px;padding-bottom:0px;}.wp-block-kadence-advancedgallery.kb-gallery-wrap-id-1256_de8b76-b6{overflow:hidden;}.kb-gallery-wrap-id-1256_de8b76-b6.wp-block-kadence-advancedgallery{overflow:visible;}.kb-gallery-wrap-id-1256_de8b76-b6.wp-block-kadence-advancedgallery .kt-blocks-carousel{overflow:visible;}<\/style><div class=\"kb-gallery-wrap-id-1256_de8b76-b6 alignnone wp-block-kadence-advancedgallery\"><div class=\"kb-gallery-ul kb-gallery-non-static kb-gallery-type-carousel kb-gallery-id-1256_de8b76-b6 kb-gallery-caption-style-bottom-hover kb-gallery-filter-none\" data-image-filter=\"none\" data-lightbox-caption=\"true\"><div class=\"kt-blocks-carousel splide kt-carousel-container-dotstyle-dark kt-carousel-arrowstyle-whiteondark kt-carousel-dotstyle-dark kb-slider-group-arrow kb-slider-arrow-position-center\" data-columns-xxl=\"3\" data-columns-xl=\"3\" data-columns-md=\"3\" data-columns-sm=\"2\" data-columns-xs=\"1\" data-columns-ss=\"1\" data-slider-anim-speed=\"7330\" data-slider-scroll=\"1\" data-slider-arrows=\"true\" data-slider-dots=\"true\" data-slider-hover-pause=\"false\" data-slider-auto=\"\" data-slider-speed=\"7000\" data-slider-gap=\"10px\" data-slider-gap-tablet=\"10px\" data-slider-gap-mobile=\"10px\" data-show-pause-button=\"false\" data-slider-label=\"Photo Gallery Carousel\"><div class=\"splide__track\"><ul class=\"kt-blocks-carousel-init kb-gallery-carousel splide__list\"><li class=\"kb-slide-item kb-gallery-carousel-item splide__slide\"><div class=\"kadence-blocks-gallery-item\"><div class=\"kadence-blocks-gallery-item-inner\"><figure class=\"kb-gallery-figure kadence-blocks-gallery-item-hide-caption\"><div class=\"kb-gal-image-radius\"><div class=\"kb-gallery-image-contain kadence-blocks-gallery-intrinsic kb-gallery-image-ratio-land169 kb-has-image-ratio-land169\" ><img loading=\"lazy\" decoding=\"async\" src=\"data:image\/svg+xml,%3Csvg%20xmlns='http:\/\/www.w3.org\/2000\/svg'%20viewBox='0%200%201000%20667'%3E%3C\/svg%3E\"  data-splide-lazy=\"https:\/\/lynelle.fr\/wp-content\/uploads\/2021\/07\/Capture-4-1.jpg\" width=\"623\" height=\"935\" alt=\"Zoom sur des mollets galb\u00e9s portant des collants r\u00e9sille noirs professionnels.\" data-full-image=\"https:\/\/lynelle.fr\/wp-content\/uploads\/2021\/07\/Capture-4-1.jpg\" data-light-image=\"https:\/\/lynelle.fr\/wp-content\/uploads\/2021\/07\/Capture-4-1.jpg\" data-splide-lazy-srcset=\"https:\/\/lynelle.fr\/wp-content\/uploads\/2021\/07\/Capture-4-1.jpg 623w, https:\/\/lynelle.fr\/wp-content\/uploads\/2021\/07\/Capture-4-1-600x900.jpg 600w, https:\/\/lynelle.fr\/wp-content\/uploads\/2021\/07\/Capture-4-1-200x300.jpg 200w\" sizes=\"auto, (max-width: 623px) 100vw, 623px\"data-id=\"1733\" class=\"wp-image-1733 skip-lazy\"\/><\/div><\/div><\/figure><\/div><\/div><\/li><li class=\"kb-slide-item kb-gallery-carousel-item splide__slide\"><div class=\"kadence-blocks-gallery-item\"><div class=\"kadence-blocks-gallery-item-inner\"><figure class=\"kb-gallery-figure kadence-blocks-gallery-item-hide-caption\"><div class=\"kb-gal-image-radius\"><div class=\"kb-gallery-image-contain kadence-blocks-gallery-intrinsic kb-gallery-image-ratio-land169 kb-has-image-ratio-land169\" ><img loading=\"lazy\" decoding=\"async\" src=\"data:image\/svg+xml,%3Csvg%20xmlns='http:\/\/www.w3.org\/2000\/svg'%20viewBox='0%200%201000%20667'%3E%3C\/svg%3E\"  data-splide-lazy=\"https:\/\/lynelle.fr\/wp-content\/uploads\/2021\/07\/Capture-2-1.jpg\" width=\"622\" height=\"928\" alt=\"\" data-full-image=\"https:\/\/lynelle.fr\/wp-content\/uploads\/2021\/07\/Capture-2-1.jpg\" data-light-image=\"https:\/\/lynelle.fr\/wp-content\/uploads\/2021\/07\/Capture-2-1.jpg\" data-splide-lazy-srcset=\"https:\/\/lynelle.fr\/wp-content\/uploads\/2021\/07\/Capture-2-1.jpg 622w, https:\/\/lynelle.fr\/wp-content\/uploads\/2021\/07\/Capture-2-1-600x895.jpg 600w, https:\/\/lynelle.fr\/wp-content\/uploads\/2021\/07\/Capture-2-1-201x300.jpg 201w\" sizes=\"auto, (max-width: 622px) 100vw, 622px\"data-id=\"1727\" class=\"wp-image-1727 skip-lazy\"\/><\/div><\/div><\/figure><\/div><\/div><\/li><li class=\"kb-slide-item kb-gallery-carousel-item splide__slide\"><div class=\"kadence-blocks-gallery-item\"><div class=\"kadence-blocks-gallery-item-inner\"><figure class=\"kb-gallery-figure kadence-blocks-gallery-item-hide-caption\"><div class=\"kb-gal-image-radius\"><div class=\"kb-gallery-image-contain kadence-blocks-gallery-intrinsic kb-gallery-image-ratio-land169 kb-has-image-ratio-land169\" ><img loading=\"lazy\" decoding=\"async\" src=\"data:image\/svg+xml,%3Csvg%20xmlns='http:\/\/www.w3.org\/2000\/svg'%20viewBox='0%200%201000%20667'%3E%3C\/svg%3E\"  data-splide-lazy=\"https:\/\/lynelle.fr\/wp-content\/uploads\/2021\/07\/Capture-1-1.jpg\" width=\"568\" height=\"935\" alt=\"\" data-full-image=\"https:\/\/lynelle.fr\/wp-content\/uploads\/2021\/07\/Capture-1-1.jpg\" data-light-image=\"https:\/\/lynelle.fr\/wp-content\/uploads\/2021\/07\/Capture-1-1.jpg\" data-splide-lazy-srcset=\"https:\/\/lynelle.fr\/wp-content\/uploads\/2021\/07\/Capture-1-1.jpg 568w, https:\/\/lynelle.fr\/wp-content\/uploads\/2021\/07\/Capture-1-1-182x300.jpg 182w\" sizes=\"auto, (max-width: 568px) 100vw, 568px\"data-id=\"1726\" class=\"wp-image-1726 skip-lazy\"\/><\/div><\/div><\/figure><\/div><\/div><\/li><li class=\"kb-slide-item kb-gallery-carousel-item splide__slide\"><div class=\"kadence-blocks-gallery-item\"><div class=\"kadence-blocks-gallery-item-inner\"><figure class=\"kb-gallery-figure kadence-blocks-gallery-item-hide-caption\"><div class=\"kb-gal-image-radius\"><div class=\"kb-gallery-image-contain kadence-blocks-gallery-intrinsic kb-gallery-image-ratio-land169 kb-has-image-ratio-land169\" ><img loading=\"lazy\" decoding=\"async\" src=\"data:image\/svg+xml,%3Csvg%20xmlns='http:\/\/www.w3.org\/2000\/svg'%20viewBox='0%200%201000%20667'%3E%3C\/svg%3E\"  data-splide-lazy=\"https:\/\/lynelle.fr\/wp-content\/uploads\/2021\/07\/Capture-5.jpg\" width=\"610\" height=\"935\" alt=\"\" data-full-image=\"https:\/\/lynelle.fr\/wp-content\/uploads\/2021\/07\/Capture-5.jpg\" data-light-image=\"https:\/\/lynelle.fr\/wp-content\/uploads\/2021\/07\/Capture-5.jpg\" data-splide-lazy-srcset=\"https:\/\/lynelle.fr\/wp-content\/uploads\/2021\/07\/Capture-5.jpg 610w, https:\/\/lynelle.fr\/wp-content\/uploads\/2021\/07\/Capture-5-600x920.jpg 600w, https:\/\/lynelle.fr\/wp-content\/uploads\/2021\/07\/Capture-5-196x300.jpg 196w\" sizes=\"auto, (max-width: 610px) 100vw, 610px\"data-id=\"1722\" class=\"wp-image-1722 skip-lazy\"\/><\/div><\/div><\/figure><\/div><\/div><\/li><li class=\"kb-slide-item kb-gallery-carousel-item splide__slide\"><div class=\"kadence-blocks-gallery-item\"><div class=\"kadence-blocks-gallery-item-inner\"><figure class=\"kb-gallery-figure kadence-blocks-gallery-item-hide-caption\"><div class=\"kb-gal-image-radius\"><div class=\"kb-gallery-image-contain kadence-blocks-gallery-intrinsic kb-gallery-image-ratio-land169 kb-has-image-ratio-land169\" ><img loading=\"lazy\" decoding=\"async\" src=\"data:image\/svg+xml,%3Csvg%20xmlns='http:\/\/www.w3.org\/2000\/svg'%20viewBox='0%200%201000%20667'%3E%3C\/svg%3E\"  data-splide-lazy=\"https:\/\/lynelle.fr\/wp-content\/uploads\/2021\/07\/Capture-2-1024x702.jpg\" width=\"1024\" height=\"702\" alt=\"\" data-full-image=\"https:\/\/lynelle.fr\/wp-content\/uploads\/2021\/07\/Capture-2.jpg\" data-light-image=\"https:\/\/lynelle.fr\/wp-content\/uploads\/2021\/07\/Capture-2.jpg\" data-splide-lazy-srcset=\"https:\/\/lynelle.fr\/wp-content\/uploads\/2021\/07\/Capture-2-1024x702.jpg 1024w, https:\/\/lynelle.fr\/wp-content\/uploads\/2021\/07\/Capture-2-600x411.jpg 600w, https:\/\/lynelle.fr\/wp-content\/uploads\/2021\/07\/Capture-2-300x206.jpg 300w, https:\/\/lynelle.fr\/wp-content\/uploads\/2021\/07\/Capture-2-768x527.jpg 768w, https:\/\/lynelle.fr\/wp-content\/uploads\/2021\/07\/Capture-2.jpg 1209w\" sizes=\"auto, (max-width: 1024px) 100vw, 1024px\"data-id=\"1719\" class=\"wp-image-1719 skip-lazy\"\/><\/div><\/div><\/figure><\/div><\/div><\/li><li class=\"kb-slide-item kb-gallery-carousel-item splide__slide\"><div class=\"kadence-blocks-gallery-item\"><div class=\"kadence-blocks-gallery-item-inner\"><figure class=\"kb-gallery-figure kadence-blocks-gallery-item-hide-caption\"><div class=\"kb-gal-image-radius\"><div class=\"kb-gallery-image-contain kadence-blocks-gallery-intrinsic kb-gallery-image-ratio-land169 kb-has-image-ratio-land169\" ><img loading=\"lazy\" decoding=\"async\" src=\"data:image\/svg+xml,%3Csvg%20xmlns='http:\/\/www.w3.org\/2000\/svg'%20viewBox='0%200%201000%20667'%3E%3C\/svg%3E\"  data-splide-lazy=\"https:\/\/lynelle.fr\/wp-content\/uploads\/2022\/06\/collant-noir-1.jpg\" width=\"576\" height=\"863\" alt=\"Jambes portant des collants r\u00e9sille noirs, mod\u00e8le professionnel avec pieds renforc\u00e9s.\" data-full-image=\"https:\/\/lynelle.fr\/wp-content\/uploads\/2022\/06\/collant-noir-1.jpg\" data-light-image=\"https:\/\/lynelle.fr\/wp-content\/uploads\/2022\/06\/collant-noir-1.jpg\" data-splide-lazy-srcset=\"https:\/\/lynelle.fr\/wp-content\/uploads\/2022\/06\/collant-noir-1.jpg 576w, https:\/\/lynelle.fr\/wp-content\/uploads\/2022\/06\/collant-noir-1-200x300.jpg 200w\" sizes=\"auto, (max-width: 576px) 100vw, 576px\"data-id=\"1645\" class=\"wp-image-1645 skip-lazy\"\/><\/div><\/div><\/figure><\/div><\/div><\/li><\/ul><\/div><\/div><\/div><\/div>\n\n<style>.kb-row-layout-id1256_1147e0-dc > .kt-row-column-wrap{align-content:start;}:where(.kb-row-layout-id1256_1147e0-dc > .kt-row-column-wrap) > .wp-block-kadence-column{justify-content:start;}.kb-row-layout-id1256_1147e0-dc > .kt-row-column-wrap{column-gap:var(--global-kb-gap-md, 2rem);row-gap:var(--global-kb-gap-md, 2rem);padding-top:25px;padding-bottom:28px;grid-template-columns:minmax(0, 1fr);}.kb-row-layout-id1256_1147e0-dc > .kt-row-layout-overlay{opacity:0.30;}@media all and (max-width: 1024px){.kb-row-layout-id1256_1147e0-dc > .kt-row-column-wrap{grid-template-columns:minmax(0, 1fr);}}@media all and (max-width: 767px){.kb-row-layout-id1256_1147e0-dc > .kt-row-column-wrap{grid-template-columns:minmax(0, 1fr);}}<\/style><div class=\"kb-row-layout-wrap kb-row-layout-id1256_1147e0-dc alignnone has-theme-palette9-background-color kt-row-has-bg wp-block-kadence-rowlayout\"><div class=\"kt-row-column-wrap kt-has-1-columns kt-row-layout-equal kt-tab-layout-inherit kt-mobile-layout-row kt-row-valign-top\">\n<style>.kadence-column1256_29a05e-95 > .kt-inside-inner-col,.kadence-column1256_29a05e-95 > .kt-inside-inner-col:before{border-top-left-radius:0px;border-top-right-radius:0px;border-bottom-right-radius:0px;border-bottom-left-radius:0px;}.kadence-column1256_29a05e-95 > .kt-inside-inner-col{column-gap:var(--global-kb-gap-sm, 1rem);}.kadence-column1256_29a05e-95 > .kt-inside-inner-col{flex-direction:column;}.kadence-column1256_29a05e-95 > .kt-inside-inner-col > .aligncenter{width:100%;}.kadence-column1256_29a05e-95 > .kt-inside-inner-col:before{opacity:0.3;}.kadence-column1256_29a05e-95{position:relative;}@media all and (max-width: 1024px){.kadence-column1256_29a05e-95 > .kt-inside-inner-col{flex-direction:column;justify-content:center;}}@media all and (max-width: 767px){.kadence-column1256_29a05e-95 > .kt-inside-inner-col{flex-direction:column;justify-content:center;}}<\/style>\n<div class=\"wp-block-kadence-column kadence-column1256_29a05e-95 inner-column-1\"><div class=\"kt-inside-inner-col\">\n<p class=\"has-text-align-center has-medium-font-size\"><strong>LYNELLE est une marque fran\u00e7aise sp\u00e9cialis\u00e9e dans la conception et la fabrication de collants r\u00e9sille professionnels de danse.<\/strong><\/p>\n\n\n\n<p class=\"has-text-align-center\"><strong>Bas\u00e9s \u00e0 Bordeaux, nous concevons et testons nos collants en \u00e9troite collaboration avec notre \u00e9quipe de danseuses professionnelles et artistes professionnels. Seuls les mod\u00e8les de collants ayant pleinement satisfaits sont conserv\u00e9s<\/strong>.<\/p>\n\n\n\n<p class=\"has-text-align-center\"><strong>Nos crit\u00e8res pour les collants : r\u00e9sistance, maintient, \u00e9lasticit\u00e9, esth\u00e9tique et confort.<\/strong><\/p>\n\n\n\n<p class=\"has-text-align-center\"><strong>Nous avons \u00e0 c\u0153ur de proposer des collants de haute qualit\u00e9, en combinant les derni\u00e8res innovations technologiques avec les exigences d&#8217;une pratique artistique intense<\/strong>.<\/p>\n\n\n\n<p class=\"has-text-align-center\"><strong>But also to dress up your legs with elegance and fantasy on a daily basis.<\/strong><\/p>\n\n\n\n<p class=\"has-text-align-center\"><strong>Les collants LYNELLE incarnent nos valeurs : l&#8217;esth\u00e9tique, la durabilit\u00e9, l&#8217;\u00e9l\u00e9gance \u00e0 la fran\u00e7aise\u2026 sans oublier le confort!<\/strong><\/p>\n<\/div><\/div>\n\n<\/div><\/div>\n\n\n<figure class=\"wp-block-embed is-type-video is-provider-youtube wp-block-embed-youtube wp-embed-aspect-16-9 wp-has-aspect-ratio\"><div class=\"wp-block-embed__wrapper\">\n<iframe loading=\"lazy\" title=\"LYNELLE, professional tights\" width=\"720\" height=\"405\" src=\"https:\/\/www.youtube.com\/embed\/zrTu3JzVuOI?feature=oembed\" frameborder=\"0\" allow=\"accelerometer; autoplay; clipboard-write; encrypted-media; gyroscope; picture-in-picture; web-share\" referrerpolicy=\"strict-origin-when-cross-origin\" allowfullscreen><\/iframe>\n<\/div><\/figure>","protected":false},"excerpt":{"rendered":"<p>LYNELLE est une marque fran\u00e7aise sp\u00e9cialis\u00e9e dans la conception et la fabrication de collants r\u00e9sille professionnels de danse. Bas\u00e9s \u00e0 Bordeaux, nous concevons et testons nos collants en \u00e9troite collaboration avec notre \u00e9quipe de danseuses professionnelles et artistes professionnels. Seuls les mod\u00e8les de collants ayant pleinement satisfaits sont conserv\u00e9s. Nos crit\u00e8res pour les collants :&#8230;<\/p>","protected":false},"author":1,"featured_media":0,"parent":0,"menu_order":0,"comment_status":"closed","ping_status":"closed","template":"","meta":{"_kadence_starter_templates_imported_post":false,"_kad_post_transparent":"","_kad_post_title":"","_kad_post_layout":"","_kad_post_sidebar_id":"","_kad_post_content_style":"","_kad_post_vertical_padding":"","_kad_post_feature":"","_kad_post_feature_position":"","_kad_post_header":false,"_kad_post_footer":false,"_kad_post_classname":"","footnotes":""},"class_list":["post-1256","page","type-page","status-publish","hentry"],"jetpack_sharing_enabled":true,"_links":{"self":[{"href":"https:\/\/lynelle.fr\/en\/wp-json\/wp\/v2\/pages\/1256","targetHints":{"allow":["GET"]}}],"collection":[{"href":"https:\/\/lynelle.fr\/en\/wp-json\/wp\/v2\/pages"}],"about":[{"href":"https:\/\/lynelle.fr\/en\/wp-json\/wp\/v2\/types\/page"}],"author":[{"embeddable":true,"href":"https:\/\/lynelle.fr\/en\/wp-json\/wp\/v2\/users\/1"}],"replies":[{"embeddable":true,"href":"https:\/\/lynelle.fr\/en\/wp-json\/wp\/v2\/comments?post=1256"}],"version-history":[{"count":59,"href":"https:\/\/lynelle.fr\/en\/wp-json\/wp\/v2\/pages\/1256\/revisions"}],"predecessor-version":[{"id":2553,"href":"https:\/\/lynelle.fr\/en\/wp-json\/wp\/v2\/pages\/1256\/revisions\/2553"}],"wp:attachment":[{"href":"https:\/\/lynelle.fr\/en\/wp-json\/wp\/v2\/media?parent=1256"}],"curies":[{"name":"wp","href":"https:\/\/api.w.org\/{rel}","templated":true}]}}